{"id":4538,"date":"2016-11-20T17:37:53","date_gmt":"2016-11-20T16:37:53","guid":{"rendered":"http:\/\/www.berndbuthmann.de\/wp_2012\/?page_id=4538"},"modified":"2021-11-15T11:31:32","modified_gmt":"2021-11-15T10:31:32","slug":"home","status":"publish","type":"page","link":"http:\/\/www.berndbuthmann.de\/wp_2012\/","title":{"rendered":"Home"},"content":{"rendered":"<div  class=\"one withsmallpadding ppb_content_half_bg \" style=\"padding:30px 0 30px 0;\" >\n<div class=\"standard_wrapper\">\n<div class=\"page_content_wrapper\">\n<div class=\"inner\">\n<div class=\"one_half_bg floatright\" style=\"background:#ffffff;background:rgb(255,255,255,1);background:rgba(255,255,255,1);\">\n<h2 class=\"ppb_title\" style=\"\">Title<\/h2>\n<hr class=\"title_break left\" style=\"\"\/>\n<p>Die Seite BUTHMANN-FOTODESIGN ist geschlossen          \u2026 und es geht weiter.<br \/>\nLiebe Fotofreunde,<br \/>\nnach \u00fcber 14 Jahren professioneller Fotografie, habe ich mein Gewerbe abgemeldet. Privat werde ich weiterhin fotografieren. Wer einmal den Fotovirus hat,  wird ihn nicht mehr los. Mit Leidenschaft und befreit von Kundenauftr\u00e4gen, werde ich das ablichten, wozu ich Lust und Laune habe. Hab jetzt mehr Zeit und ein offenes Ohr f\u00fcr ein Gespr\u00e4ch unter Fotofreunden. Wer fachsimpeln  m\u00f6chte, ist herzlich willkommen. Das eine oder andere Bild retuschieren und oder abziehen \u2013 ich mach\u2018s gerne. F\u00fcr alle die noch mal auf mein digitales Bilderarchiv zur\u00fcckgreifen m\u00f6chten, dies ist noch bis Januar 2022 m\u00f6glich. Eine neue Internetseite wird weiter betrieben. Ich stelle mir eine Blogger-Seite  mit Fotografie im Mittelpunkt vor.<br \/>\nHerzlichen Dank an alle Kunden die mich beauftragt haben. Danke f\u00fcr die netten Erlebnisse bei so manchen Fotoshootings. Ich habe gerne mit Ihnen\/euch zusammengearbeitet. Danke f\u00fcrs Vertrauen in meine Arbeit.<br \/>\nEuer Fotograf und Freund<br \/>\nBernd Buthmann<\/p>\n<\/div>\n<\/div>\n<\/div>\n<\/div>\n<\/div>\n","protected":false},"excerpt":{"rendered":"","protected":false},"author":1,"featured_media":0,"parent":0,"menu_order":1,"comment_status":"closed","ping_status":"closed","template":"","meta":{"ngg_post_thumbnail":0,"footnotes":""},"class_list":["post-4538","page","type-page","status-publish","hentry"],"_links":{"self":[{"href":"http:\/\/www.berndbuthmann.de\/wp_2012\/wp-json\/wp\/v2\/pages\/4538"}],"collection":[{"href":"http:\/\/www.berndbuthmann.de\/wp_2012\/wp-json\/wp\/v2\/pages"}],"about":[{"href":"http:\/\/www.berndbuthmann.de\/wp_2012\/wp-json\/wp\/v2\/types\/page"}],"author":[{"embeddable":true,"href":"http:\/\/www.berndbuthmann.de\/wp_2012\/wp-json\/wp\/v2\/users\/1"}],"replies":[{"embeddable":true,"href":"http:\/\/www.berndbuthmann.de\/wp_2012\/wp-json\/wp\/v2\/comments?post=4538"}],"version-history":[{"count":16,"href":"http:\/\/www.berndbuthmann.de\/wp_2012\/wp-json\/wp\/v2\/pages\/4538\/revisions"}],"predecessor-version":[{"id":6203,"href":"http:\/\/www.berndbuthmann.de\/wp_2012\/wp-json\/wp\/v2\/pages\/4538\/revisions\/6203"}],"wp:attachment":[{"href":"http:\/\/www.berndbuthmann.de\/wp_2012\/wp-json\/wp\/v2\/media?parent=4538"}],"curies":[{"name":"wp","href":"https:\/\/api.w.org\/{rel}","templated":true}]}}